{"id":431,"date":"2023-06-21T10:14:21","date_gmt":"2023-06-21T10:14:21","guid":{"rendered":"https:\/\/maisonjeancocteau.com\/?page_id=431"},"modified":"2023-07-13T12:06:11","modified_gmt":"2023-07-13T12:06:11","slug":"legal-notice-and-privacy-policy","status":"publish","type":"page","link":"https:\/\/maisonjeancocteau.com\/en\/legal-notice-and-privacy-policy\/","title":{"rendered":"Legal Notice and Privacy Policy"},"content":{"rendered":"\n<h2 class=\"wp-block-heading\">Website edited by la Maison Jean Cocteau<\/h2>\n\n\n\n<p>15 rue du Lau<br>91490 Milly-la-For\u00eat<\/p>\n\n\n\n<h2 class=\"wp-block-heading\">Site Hosting<\/h2>\n\n\n\n<p>The www.maisonjeancocteau.com\u00a0website is hosted by OVH.<br>2 rue Kellermann, 59 100 Roubaix, France<\/p>\n\n\n\n<p>Lorsque vous effectuez une transaction sur notre site web, dans le cadre du processus, nous recueillons les informations personnelles que vous nous donnez, telles que votre nom, votre adresse et votre adresse e-mail. Vos informations personnelles ne seront utilis\u00e9es que pour les raisons sp\u00e9cifiques mentionn\u00e9es ci-dessous :<\/p>\n\n\n\n<ol class=\"wp-block-list\">\n<li>Fournir et exploiter les services ;<\/li>\n\n\n\n<li>Fournir \u00e0 nos utilisateurs une Assistance et un support technique permanents ;<\/li>\n\n\n\n<li>Pouvoir contacter nos visiteurs et utilisateurs avec des avis g\u00e9n\u00e9raux ou personnalis\u00e9s relatifs au service et des messages promotionnels ;<\/li>\n\n\n\n<li>Pour cr\u00e9er des donn\u00e9es statistiques agr\u00e9g\u00e9es et d&#8217;autres informations non personnelles agr\u00e9g\u00e9es et\/ou d\u00e9duites, que nous ou nos partenaires commerciaux pouvons utiliser pour fournir et am\u00e9liorer nos services respectifs ;<\/li>\n\n\n\n<li>Se conformer aux lois et r\u00e8glements applicables.<\/li>\n<\/ol>\n\n\n\n<h2 class=\"wp-block-heading\">How do we store your data?<\/h2>\n\n\n\n<p>Notre entreprise est h\u00e9berg\u00e9e sur la plateforme Wix.com, qui nous fournit la plateforme en ligne nous permettant de vous vendre nos produits et services. Vos donn\u00e9es peuvent \u00eatre stock\u00e9es par le biais du stockage de donn\u00e9es, des bases de donn\u00e9es et des applications g\u00e9n\u00e9rales de Wix.com. Elles stockent vos donn\u00e9es sur des serveurs s\u00e9curis\u00e9s derri\u00e8re un pare-feu. Nous nous r\u00e9servons le droit de modifier cette politique de confidentialit\u00e9 \u00e0 tout moment, aussi nous vous invitons \u00e0 la consulter fr\u00e9quemment. Les modifications et les clarifications prendront effet d\u00e8s leur publication sur le site web. Si nous apportons des modifications importantes \u00e0 la pr\u00e9sente politique, nous vous informerons ici de sa mise \u00e0 jour, afin que vous sachiez quelles informations nous recueillons, comment nous les utilisons et dans quelles circonstances, le cas \u00e9ch\u00e9ant, nous les utilisons et\/ou les divulguons.<\/p>\n\n\n\n<h2 class=\"wp-block-heading\">How and why to contact you?<\/h2>\n\n\n\n<p>Nous pouvons vous contacter pour vous informer sur votre compte, pour r\u00e9soudre des probl\u00e8mes avec votre compte, pour r\u00e9soudre un litige, pour collecter des frais ou des sommes dues, pour sonder votre opinion par le biais d&#8217;enqu\u00eates ou de questionnaires, pour envoyer des mises \u00e0 jour sur notre soci\u00e9t\u00e9, ou si n\u00e9cessaire pour vous contacter afin de faire respecter notre contrat d&#8217;utilisation, les lois nationales applicables, et tout accord que nous pourrions avoir avec vous. \u00c0 ces fins, nous pouvons vous contacter par courrier \u00e9lectronique, t\u00e9l\u00e9phone, messages textuels et courrier postal.<\/p>\n\n\n\n<p>Si vous ne souhaitez plus que nous traitions vos donn\u00e9es, vous pouvez nous contacter en \u00e9crivant \u00e0 r\u00e9servation@maisonjeancocteau.com<\/p>\n\n\n\n<p>Maison Jean Cocteau<br>15 rue du Lau<br>91490 MILLY-LA-FOR\u00caT<\/p>\n\n\n\n<h2 class=\"wp-block-heading\">Cookies<\/h2>\n\n\n\n<p>Ce site utilise Google Analytics, un service d&#8217;analyse de site internet fourni par Google Inc. (&#8220;Google&#8221;). Google Analytics utilise des cookies, qui sont des fichiers texte plac\u00e9s sur votre ordinateur, pour aider le site internet \u00e0 analyser l&#8217;utilisation du site par ses utilisateurs. Les donn\u00e9es g\u00e9n\u00e9r\u00e9es par les cookies concernant votre utilisation du site (y compris votre adresse IP) seront transmises et stock\u00e9es par Google sur des serveurs situ\u00e9s aux Etats-Unis. Google utilisera cette information dans le but d&#8217;\u00e9valuer votre utilisation du site, de compiler des rapports sur l&#8217;activit\u00e9 du site \u00e0 destination de son \u00e9diteur et de fournir d&#8217;autres services relatifs \u00e0 l&#8217;activit\u00e9 du site et \u00e0 l&#8217;utilisation d&#8217;Internet. Google est susceptible de communiquer ces donn\u00e9es \u00e0 des tiers en cas d&#8217;obligation l\u00e9gale ou lorsque ces tiers traitent ces donn\u00e9es pour le compte de Google, y compris notamment l&#8217;\u00e9diteur de ce site. Google ne recoupera pas votre adresse IP avec toute autre donn\u00e9e d\u00e9tenue par Google. Vous pouvez d\u00e9sactiver l&#8217;utilisation de cookies en s\u00e9lectionnant les param\u00e8tres appropri\u00e9s de votre navigateur. Cependant, une telle d\u00e9sactivation pourrait emp\u00eacher l&#8217;utilisation de certaines fonctionnalit\u00e9s de ce site. En utilisant ce site internet, vous consentez express\u00e9ment au traitement de vos donn\u00e9es nominatives par Google dans les conditions et pour les finalit\u00e9s d\u00e9crites ci-dessus.<\/p>\n\n\n\n<h2 class=\"wp-block-heading\">On situ videosurveillance<\/h2>\n\n\n\n<p>L&#8217;\u00e9tablissement Maison Jean Cocteau est plac\u00e9 sous vid\u00e9osurveillance par la soci\u00e9t\u00e9 FSET pour la s\u00e9curit\u00e9 des personnes et des biens.<\/p>\n\n\n\n<p>Les images sont conserv\u00e9es pendant un mois et peuvent \u00eatre visionn\u00e9es, en cas d\u2019incident, par le personnel habilit\u00e9 de la Maison Jean Cocteau et par les forces de l\u2019ordre.<\/p>\n\n\n\n<p>Pour exercer vos droits Informatique et Libert\u00e9s, notamment votre droit d\u2019acc\u00e8s aux images qui vous concernent, ou pour toute information sur ce dispositif, vous pouvez nous contacter en \u00e9crivant \u00e0 reservation@maisonjeancocteau.com ou \u00e0 l\u2019adresse postale suivante :<\/p>\n\n\n\n<p>Maison Jean Cocteau<br>15 rue du Lau<br>91490 MILLY-LA-FOR\u00caT<\/p>\n","protected":false},"excerpt":{"rendered":"<p>Website edited by la Maison Jean Cocteau 15 rue du Lau91490 Milly-la-For\u00eat Site Hosting The www.maisonjeancocteau.com\u00a0website is hosted by OVH.2 rue Kellermann, 59 100 Roubaix, France Lorsque vous effectuez une transaction sur notre site web, dans le cadre du processus, nous recueillons les informations personnelles que vous nous donnez, telles que votre nom, votre adresse [&hellip;]<\/p>\n","protected":false},"author":1,"featured_media":0,"parent":0,"menu_order":0,"comment_status":"closed","ping_status":"closed","template":"","meta":{"_acf_changed":false,"iawp_total_views":44,"footnotes":""},"class_list":["post-431","page","type-page","status-publish","hentry"],"acf":[],"yoast_head":"<!-- This site is optimized with the Yoast SEO plugin v27.2 - https:\/\/yoast.com\/product\/yoast-seo-wordpress\/ -->\n<title>Legal Notice and Privacy Policy - Maison-Mus\u00e9e Jean Cocteau<\/title>\n<meta name=\"robots\" content=\"index, follow, max-snippet:-1, max-image-preview:large, max-video-preview:-1\" \/>\n<link rel=\"canonical\" href=\"https:\/\/maisonjeancocteau.com\/en\/legal-notice-and-privacy-policy\/\" \/>\n<meta property=\"og:locale\" content=\"en_US\" \/>\n<meta property=\"og:type\" content=\"article\" \/>\n<meta property=\"og:title\" content=\"Legal Notice and Privacy Policy - Maison-Mus\u00e9e Jean Cocteau\" \/>\n<meta property=\"og:description\" content=\"Website edited by la Maison Jean Cocteau 15 rue du Lau91490 Milly-la-For\u00eat Site Hosting The www.maisonjeancocteau.com\u00a0website is hosted by OVH.2 rue Kellermann, 59 100 Roubaix, France Lorsque vous effectuez une transaction sur notre site web, dans le cadre du processus, nous recueillons les informations personnelles que vous nous donnez, telles que votre nom, votre adresse [&hellip;]\" \/>\n<meta property=\"og:url\" content=\"https:\/\/maisonjeancocteau.com\/en\/legal-notice-and-privacy-policy\/\" \/>\n<meta property=\"og:site_name\" content=\"Maison-Mus\u00e9e Jean Cocteau\" \/>\n<meta property=\"article:publisher\" content=\"https:\/\/www.facebook.com\/Maison.Cocteau.Milly\" \/>\n<meta property=\"article:modified_time\" content=\"2023-07-13T12:06:11+00:00\" \/>\n<meta property=\"og:image\" content=\"https:\/\/maisonjeancocteau.com\/wp-content\/uploads\/2023\/06\/IVR11_20199100112NUC4A-scaled.jpg\" \/>\n\t<meta property=\"og:image:width\" content=\"2560\" \/>\n\t<meta property=\"og:image:height\" content=\"2012\" \/>\n\t<meta property=\"og:image:type\" content=\"image\/jpeg\" \/>\n<meta name=\"twitter:card\" content=\"summary_large_image\" \/>\n<meta name=\"twitter:label1\" content=\"Est. reading time\" \/>\n\t<meta name=\"twitter:data1\" content=\"4 minutes\" \/>\n<script type=\"application\/ld+json\" class=\"yoast-schema-graph\">{\"@context\":\"https:\/\/schema.org\",\"@graph\":[{\"@type\":\"WebPage\",\"@id\":\"https:\/\/maisonjeancocteau.com\/en\/legal-notice-and-privacy-policy\/\",\"url\":\"https:\/\/maisonjeancocteau.com\/en\/legal-notice-and-privacy-policy\/\",\"name\":\"Legal Notice and Privacy Policy - Maison-Mus\u00e9e Jean Cocteau\",\"isPartOf\":{\"@id\":\"https:\/\/maisonjeancocteau.com\/en\/#website\"},\"datePublished\":\"2023-06-21T10:14:21+00:00\",\"dateModified\":\"2023-07-13T12:06:11+00:00\",\"breadcrumb\":{\"@id\":\"https:\/\/maisonjeancocteau.com\/en\/legal-notice-and-privacy-policy\/#breadcrumb\"},\"inLanguage\":\"en-US\",\"potentialAction\":[{\"@type\":\"ReadAction\",\"target\":[\"https:\/\/maisonjeancocteau.com\/en\/legal-notice-and-privacy-policy\/\"]}]},{\"@type\":\"BreadcrumbList\",\"@id\":\"https:\/\/maisonjeancocteau.com\/en\/legal-notice-and-privacy-policy\/#breadcrumb\",\"itemListElement\":[{\"@type\":\"ListItem\",\"position\":1,\"name\":\"Accueil\",\"item\":\"https:\/\/maisonjeancocteau.com\/en\/\"},{\"@type\":\"ListItem\",\"position\":2,\"name\":\"Legal Notice and Privacy Policy\"}]},{\"@type\":\"WebSite\",\"@id\":\"https:\/\/maisonjeancocteau.com\/en\/#website\",\"url\":\"https:\/\/maisonjeancocteau.com\/en\/\",\"name\":\"Maison-Mus\u00e9e Jean Cocteau\",\"description\":\"News, workshops, exhibitions and cultural program of the Maison Jean Cocteau.\",\"publisher\":{\"@id\":\"https:\/\/maisonjeancocteau.com\/en\/#organization\"},\"potentialAction\":[{\"@type\":\"SearchAction\",\"target\":{\"@type\":\"EntryPoint\",\"urlTemplate\":\"https:\/\/maisonjeancocteau.com\/en\/?s={search_term_string}\"},\"query-input\":{\"@type\":\"PropertyValueSpecification\",\"valueRequired\":true,\"valueName\":\"search_term_string\"}}],\"inLanguage\":\"en-US\"},{\"@type\":\"Organization\",\"@id\":\"https:\/\/maisonjeancocteau.com\/en\/#organization\",\"name\":\"The public interest group Maison Jean Cocteau\",\"alternateName\":\"Maison Jean Cocteau\",\"url\":\"https:\/\/maisonjeancocteau.com\/en\/\",\"logo\":{\"@type\":\"ImageObject\",\"inLanguage\":\"en-US\",\"@id\":\"https:\/\/maisonjeancocteau.com\/en\/#\/schema\/logo\/image\/\",\"url\":\"https:\/\/maisonjeancocteau.com\/wp-content\/uploads\/2023\/06\/maisoncocteau_logo.svg\",\"contentUrl\":\"https:\/\/maisonjeancocteau.com\/wp-content\/uploads\/2023\/06\/maisoncocteau_logo.svg\",\"width\":272,\"height\":106,\"caption\":\"The public interest group Maison Jean Cocteau\"},\"image\":{\"@id\":\"https:\/\/maisonjeancocteau.com\/en\/#\/schema\/logo\/image\/\"},\"sameAs\":[\"https:\/\/www.facebook.com\/Maison.Cocteau.Milly\",\"https:\/\/www.instagram.com\/maisonjeancocteau\/\"]}]}<\/script>\n<!-- \/ Yoast SEO plugin. -->","yoast_head_json":{"title":"Legal Notice and Privacy Policy - Maison-Mus\u00e9e Jean Cocteau","robots":{"index":"index","follow":"follow","max-snippet":"max-snippet:-1","max-image-preview":"max-image-preview:large","max-video-preview":"max-video-preview:-1"},"canonical":"https:\/\/maisonjeancocteau.com\/en\/legal-notice-and-privacy-policy\/","og_locale":"en_US","og_type":"article","og_title":"Legal Notice and Privacy Policy - Maison-Mus\u00e9e Jean Cocteau","og_description":"Website edited by la Maison Jean Cocteau 15 rue du Lau91490 Milly-la-For\u00eat Site Hosting The www.maisonjeancocteau.com\u00a0website is hosted by OVH.2 rue Kellermann, 59 100 Roubaix, France Lorsque vous effectuez une transaction sur notre site web, dans le cadre du processus, nous recueillons les informations personnelles que vous nous donnez, telles que votre nom, votre adresse [&hellip;]","og_url":"https:\/\/maisonjeancocteau.com\/en\/legal-notice-and-privacy-policy\/","og_site_name":"Maison-Mus\u00e9e Jean Cocteau","article_publisher":"https:\/\/www.facebook.com\/Maison.Cocteau.Milly","article_modified_time":"2023-07-13T12:06:11+00:00","og_image":[{"width":2560,"height":2012,"url":"https:\/\/maisonjeancocteau.com\/wp-content\/uploads\/2023\/06\/IVR11_20199100112NUC4A-scaled.jpg","type":"image\/jpeg"}],"twitter_card":"summary_large_image","twitter_misc":{"Est. reading time":"4 minutes"},"schema":{"@context":"https:\/\/schema.org","@graph":[{"@type":"WebPage","@id":"https:\/\/maisonjeancocteau.com\/en\/legal-notice-and-privacy-policy\/","url":"https:\/\/maisonjeancocteau.com\/en\/legal-notice-and-privacy-policy\/","name":"Legal Notice and Privacy Policy - Maison-Mus\u00e9e Jean Cocteau","isPartOf":{"@id":"https:\/\/maisonjeancocteau.com\/en\/#website"},"datePublished":"2023-06-21T10:14:21+00:00","dateModified":"2023-07-13T12:06:11+00:00","breadcrumb":{"@id":"https:\/\/maisonjeancocteau.com\/en\/legal-notice-and-privacy-policy\/#breadcrumb"},"inLanguage":"en-US","potentialAction":[{"@type":"ReadAction","target":["https:\/\/maisonjeancocteau.com\/en\/legal-notice-and-privacy-policy\/"]}]},{"@type":"BreadcrumbList","@id":"https:\/\/maisonjeancocteau.com\/en\/legal-notice-and-privacy-policy\/#breadcrumb","itemListElement":[{"@type":"ListItem","position":1,"name":"Accueil","item":"https:\/\/maisonjeancocteau.com\/en\/"},{"@type":"ListItem","position":2,"name":"Legal Notice and Privacy Policy"}]},{"@type":"WebSite","@id":"https:\/\/maisonjeancocteau.com\/en\/#website","url":"https:\/\/maisonjeancocteau.com\/en\/","name":"Maison-Mus\u00e9e Jean Cocteau","description":"News, workshops, exhibitions and cultural program of the Maison Jean Cocteau.","publisher":{"@id":"https:\/\/maisonjeancocteau.com\/en\/#organization"},"potentialAction":[{"@type":"SearchAction","target":{"@type":"EntryPoint","urlTemplate":"https:\/\/maisonjeancocteau.com\/en\/?s={search_term_string}"},"query-input":{"@type":"PropertyValueSpecification","valueRequired":true,"valueName":"search_term_string"}}],"inLanguage":"en-US"},{"@type":"Organization","@id":"https:\/\/maisonjeancocteau.com\/en\/#organization","name":"The public interest group Maison Jean Cocteau","alternateName":"Maison Jean Cocteau","url":"https:\/\/maisonjeancocteau.com\/en\/","logo":{"@type":"ImageObject","inLanguage":"en-US","@id":"https:\/\/maisonjeancocteau.com\/en\/#\/schema\/logo\/image\/","url":"https:\/\/maisonjeancocteau.com\/wp-content\/uploads\/2023\/06\/maisoncocteau_logo.svg","contentUrl":"https:\/\/maisonjeancocteau.com\/wp-content\/uploads\/2023\/06\/maisoncocteau_logo.svg","width":272,"height":106,"caption":"The public interest group Maison Jean Cocteau"},"image":{"@id":"https:\/\/maisonjeancocteau.com\/en\/#\/schema\/logo\/image\/"},"sameAs":["https:\/\/www.facebook.com\/Maison.Cocteau.Milly","https:\/\/www.instagram.com\/maisonjeancocteau\/"]}]}},"_links":{"self":[{"href":"https:\/\/maisonjeancocteau.com\/en\/wp-json\/wp\/v2\/pages\/431","targetHints":{"allow":["GET"]}}],"collection":[{"href":"https:\/\/maisonjeancocteau.com\/en\/wp-json\/wp\/v2\/pages"}],"about":[{"href":"https:\/\/maisonjeancocteau.com\/en\/wp-json\/wp\/v2\/types\/page"}],"author":[{"embeddable":true,"href":"https:\/\/maisonjeancocteau.com\/en\/wp-json\/wp\/v2\/users\/1"}],"replies":[{"embeddable":true,"href":"https:\/\/maisonjeancocteau.com\/en\/wp-json\/wp\/v2\/comments?post=431"}],"version-history":[{"count":1,"href":"https:\/\/maisonjeancocteau.com\/en\/wp-json\/wp\/v2\/pages\/431\/revisions"}],"predecessor-version":[{"id":694,"href":"https:\/\/maisonjeancocteau.com\/en\/wp-json\/wp\/v2\/pages\/431\/revisions\/694"}],"wp:attachment":[{"href":"https:\/\/maisonjeancocteau.com\/en\/wp-json\/wp\/v2\/media?parent=431"}],"curies":[{"name":"wp","href":"https:\/\/api.w.org\/{rel}","templated":true}]}}